{"id":61,"date":"2020-01-23T18:21:52","date_gmt":"2020-01-23T18:21:52","guid":{"rendered":"https:\/\/demosites.io\/web-agency-gb\/?page_id=61"},"modified":"2022-03-29T12:05:17","modified_gmt":"2022-03-29T09:05:17","slug":"15c42-web-agency-gb-about-us","status":"publish","type":"page","link":"http:\/\/4edemircelik.com\/?page_id=61","title":{"rendered":"Hakk\u0131m\u0131zda"},"content":{"rendered":"\n<div class=\"wp-block-cover alignfull\" style=\"min-height:208px;aspect-ratio:unset;\"><span aria-hidden=\"true\" class=\"has-nv-site-bg-background-color has-background-dim-100 wp-block-cover__gradient-background has-background-dim\"><\/span><div class=\"wp-block-cover__inner-container is-layout-flow wp-block-cover-is-layout-flow\">\n<div class=\"wp-block-group\"><div class=\"wp-block-group__inner-container is-layout-flow wp-block-group-is-layout-flow\">\n<h1 class=\"has-text-align-left has-neve-text-color-color has-text-color wp-block-heading\">Hakk\u0131m\u0131zda<\/h1>\n<\/div><\/div>\n<\/div><\/div>\n\n\n\n<div class=\"wp-block-cover alignfull\" style=\"min-height:600px;aspect-ratio:unset;\"><span aria-hidden=\"true\" class=\"has-nv-light-bg-background-color has-background-dim-100 wp-block-cover__gradient-background has-background-dim\"><\/span><div class=\"wp-block-cover__inner-container is-layout-flow wp-block-cover-is-layout-flow\">\n<div class=\"wp-block-group\"><div class=\"wp-block-group__inner-container is-layout-flow wp-block-group-is-layout-flow\">\n<div style=\"height:80px\" aria-hidden=\"true\" class=\"wp-block-spacer\"><\/div>\n\n\n\n<div class=\"wp-block-columns are-vertically-aligned-center is-layout-flex wp-container-core-columns-is-layout-9d6595d7 wp-block-columns-is-layout-flex\">\n<div class=\"wp-block-column is-vertically-aligned-center is-layout-flow wp-block-column-is-layout-flow\" style=\"flex-basis:50%\">\n<figure class=\"wp-block-image size-large\"><img loading=\"lazy\" decoding=\"async\" width=\"600\" height=\"600\" src=\"http:\/\/4edemircelik.com\/wp-content\/uploads\/2020\/01\/neve-web-design-bg-09.jpg\" alt=\"\" class=\"wp-image-36\"\/><\/figure>\n<\/div>\n\n\n\n<div class=\"wp-block-column is-vertically-aligned-center is-layout-flow wp-block-column-is-layout-flow\" style=\"flex-basis:50%\">\n<h2 class=\"has-neve-text-color-color has-text-color wp-block-heading\"><\/h2>\n\n\n\n<p class=\"has-neve-text-color-color has-text-color\">Firmam\u0131z demir \u00e7elik hizmet sekt\u00f6r\u00fcnde hizmet vermektedir.<\/p>\n\n\n\n<p class=\"has-neve-text-color-color has-text-color\">Vermi\u015f oldu\u011fumuz hizmet ve \u00fcr\u00fcnlerde kesinlikle kalite \u00f6d\u00fcn vermemektedir.<\/p>\n\n\n\n<p class=\"has-neve-text-color-color has-text-color\">G\u00fcvenilir, titiz ve d\u00fcr\u00fcst ticaret ilkemizdir.<\/p>\n\n\n\n<p class=\"has-neve-text-color-color has-text-color\">M\u00fc\u015fteri memnuniyeti odakl\u0131 \u00e7al\u0131\u015fmam\u0131z, uygun fiyatl\u0131 makul ticaretimiz, taleplere an\u0131nda cevap verebilme g\u00fcc\u00fcm\u00fcz ile siz de\u011ferli m\u00fc\u015fterilerimizin her zaman yan\u0131nda olaca\u011f\u0131z..<\/p>\n\n\n\n<p class=\"has-neve-text-color-color has-text-color\"><\/p>\n<\/div>\n<\/div>\n\n\n\n<div style=\"height:40px\" aria-hidden=\"true\" class=\"wp-block-spacer\"><\/div>\n<\/div><\/div>\n<\/div><\/div>\n","protected":false},"excerpt":{"rendered":"","protected":false},"author":1,"featured_media":0,"parent":0,"menu_order":0,"comment_status":"closed","ping_status":"closed","template":"","meta":{"neve_meta_sidebar":"default","neve_meta_container":"default","neve_meta_enable_content_width":"on","neve_meta_content_width":100,"neve_meta_title_alignment":"","neve_meta_author_avatar":"","neve_post_elements_order":"","neve_meta_disable_header":"","neve_meta_disable_footer":"","neve_meta_disable_title":"on","_ti_tpc_template_sync":false,"_ti_tpc_template_id":"0qhau2t6eoekosrgo1a2","footnotes":""},"class_list":["post-61","page","type-page","status-publish","hentry"],"_links":{"self":[{"href":"http:\/\/4edemircelik.com\/index.php?rest_route=\/wp\/v2\/pages\/61","targetHints":{"allow":["GET"]}}],"collection":[{"href":"http:\/\/4edemircelik.com\/index.php?rest_route=\/wp\/v2\/pages"}],"about":[{"href":"http:\/\/4edemircelik.com\/index.php?rest_route=\/wp\/v2\/types\/page"}],"author":[{"embeddable":true,"href":"http:\/\/4edemircelik.com\/index.php?rest_route=\/wp\/v2\/users\/1"}],"replies":[{"embeddable":true,"href":"http:\/\/4edemircelik.com\/index.php?rest_route=%2Fwp%2Fv2%2Fcomments&post=61"}],"version-history":[{"count":4,"href":"http:\/\/4edemircelik.com\/index.php?rest_route=\/wp\/v2\/pages\/61\/revisions"}],"predecessor-version":[{"id":921,"href":"http:\/\/4edemircelik.com\/index.php?rest_route=\/wp\/v2\/pages\/61\/revisions\/921"}],"wp:attachment":[{"href":"http:\/\/4edemircelik.com\/index.php?rest_route=%2Fwp%2Fv2%2Fmedia&parent=61"}],"curies":[{"name":"wp","href":"https:\/\/api.w.org\/{rel}","templated":true}]}}